{"id":1056,"date":"2024-09-03T23:22:27","date_gmt":"2024-09-03T23:22:27","guid":{"rendered":"https:\/\/kachavasuperfoods.com\/?post_type=product&#038;p=1056"},"modified":"2024-10-02T04:20:30","modified_gmt":"2024-10-02T04:20:30","slug":"polvo-de-una-de-gato-venta-al-por-mayor-pedidos-a-granel-listo-para-la-venta-envio-gratis","status":"publish","type":"product","link":"https:\/\/kachavasuperfoods.com\/index.php\/product\/polvo-de-una-de-gato-venta-al-por-mayor-pedidos-a-granel-listo-para-la-venta-envio-gratis\/","title":{"rendered":"Polvo de U\u00f1a de Gato | Venta al por Mayor | Pedidos a Granel | Listo para la Venta | Env\u00edo GRATIS"},"content":{"rendered":"<p>Cat&#8217;s Claw Powder | Venta al por Mayor | Cat&#8217;s Claw Powder | Proveedor | Cat&#8217;s Claw Powder | Vendedor a Granel<\/p>\n<p>\ud83c\udf3f 1 paquete de 907 g ($98.88 USD)<br \/>\n\ud83c\udf3f 2 paquetes de 907 g ($141.48 USD)<br \/>\n\ud83c\udf3f 5 paquetes de 1 kg ($48.62 USD por kg)<br \/>\n\ud83c\udf3f 10 paquetes de 1 kg ($44.16 USD por kg)<br \/>\n\ud83c\udf3f 15 paquetes de 1 kg ($45.07 USD por kg)<\/p>\n<p>Cat&#8217;s Claw Powder<br \/>\n\u00a1Descubre los beneficios naturales de nuestro Cat&#8217;s Claw Powder 100% puro! Conocido por su uso tradicional en el apoyo a la funci\u00f3n inmunol\u00f3gica y la reducci\u00f3n de la inflamaci\u00f3n, el Cat&#8217;s Claw Powder es un suplemento herbal poderoso. A menudo se usa para promover el bienestar general, apoyar la salud de las articulaciones y mejorar las defensas naturales del cuerpo, lo que lo convierte en una valiosa adici\u00f3n a tu rutina de bienestar.<\/p>\n<p>\ud83c\udf79 Uso Sugerido: Mezcla 1-2 cucharaditas en tu t\u00e9 de hierbas o agua tibia para una bebida reconfortante que apoya la salud inmunol\u00f3gica y ayuda a reducir la inflamaci\u00f3n. Tambi\u00e9n puedes agregarlo a tus batidos u otras bebidas para un impulso natural a las defensas de tu cuerpo.<\/p>\n<p>\ud83d\udce6 \u00bfCu\u00e1nto tiempo tarda el env\u00edo?<br \/>\nProcesamos tu producto fresco desde Per\u00fa, de la cosecha m\u00e1s reciente, asegurando que obtengas productos frescos y potentes. El env\u00edo puede tardar entre 5-10 d\u00edas a trav\u00e9s de DHL Express.<\/p>\n<p>\ud83c\udf0e Aseg\u00farate de que la direcci\u00f3n de entrega sea correcta antes de completar tu pedido. Incluye tu n\u00famero de tel\u00e9fono y correo electr\u00f3nico para usar con el servicio de mensajer\u00eda. No podemos aceptar responsabilidad por la demora o p\u00e9rdida de un paquete cuando se hayan proporcionado detalles de entrega incorrectos o incompletos. Las aduanas de tu pa\u00eds pueden imponer tarifas adicionales por compras que excedan lo que se considera uso personal o por encima de cierto valor (m\u00e1s de $800 USD para EE.UU.). Cada pa\u00eds puede variar ligeramente. Como vendedor, no somos responsables de ninguna tarifa adicional que te puedan cobrar al ingresar a tu regi\u00f3n.<\/p>\n","protected":false},"excerpt":{"rendered":"<p>Cat&#8217;s Claw Powder | Venta al por Mayor | Cat&#8217;s Claw Powder | Proveedor | Cat&#8217;s Claw Powder | Vendedor a Granel \ud83c\udf3f 1 paquete de 907 g ($98.88 USD) \ud83c\udf3f 2 paquetes de 907 g ($141.48 USD) \ud83c\udf3f 5 paquetes de 1 kg ($48.62 USD por kg) \ud83c\udf3f 10 paquetes de 1 kg ($44.16 [&hellip;]<\/p>\n","protected":false},"featured_media":1102,"comment_status":"open","ping_status":"closed","template":"","meta":{"_et_pb_use_builder":"","_et_pb_old_content":"","_et_gb_content_width":""},"product_brand":[],"product_cat":[26],"product_tag":[],"class_list":{"0":"post-1056","1":"product","2":"type-product","3":"status-publish","4":"has-post-thumbnail","6":"product_cat-superfood-powders","8":"first","9":"instock","10":"shipping-taxable","11":"purchasable","12":"product-type-variable"},"jetpack_sharing_enabled":true,"_links":{"self":[{"href":"https:\/\/kachavasuperfoods.com\/index.php\/wp-json\/wp\/v2\/product\/1056","targetHints":{"allow":["GET"]}}],"collection":[{"href":"https:\/\/kachavasuperfoods.com\/index.php\/wp-json\/wp\/v2\/product"}],"about":[{"href":"https:\/\/kachavasuperfoods.com\/index.php\/wp-json\/wp\/v2\/types\/product"}],"replies":[{"embeddable":true,"href":"https:\/\/kachavasuperfoods.com\/index.php\/wp-json\/wp\/v2\/comments?post=1056"}],"wp:featuredmedia":[{"embeddable":true,"href":"https:\/\/kachavasuperfoods.com\/index.php\/wp-json\/wp\/v2\/media\/1102"}],"wp:attachment":[{"href":"https:\/\/kachavasuperfoods.com\/index.php\/wp-json\/wp\/v2\/media?parent=1056"}],"wp:term":[{"taxonomy":"product_brand","embeddable":true,"href":"https:\/\/kachavasuperfoods.com\/index.php\/wp-json\/wp\/v2\/product_brand?post=1056"},{"taxonomy":"product_cat","embeddable":true,"href":"https:\/\/kachavasuperfoods.com\/index.php\/wp-json\/wp\/v2\/product_cat?post=1056"},{"taxonomy":"product_tag","embeddable":true,"href":"https:\/\/kachavasuperfoods.com\/index.php\/wp-json\/wp\/v2\/product_tag?post=1056"}],"curies":[{"name":"wp","href":"https:\/\/api.w.org\/{rel}","templated":true}]}}