{"id":1128,"date":"2024-09-03T23:22:27","date_gmt":"2024-09-03T23:22:27","guid":{"rendered":"https:\/\/kachavasuperfoods.com\/?post_type=product&#038;p=1128"},"modified":"2024-10-02T04:19:31","modified_gmt":"2024-10-02T04:19:31","slug":"polvo-de-almendra-venta-al-por-mayor-pedidos-a-granel-listo-para-venta-al-por-menor-envio-gratis","status":"publish","type":"product","link":"https:\/\/kachavasuperfoods.com\/index.php\/product\/polvo-de-almendra-venta-al-por-mayor-pedidos-a-granel-listo-para-venta-al-por-menor-envio-gratis\/","title":{"rendered":"Polvo de Almendra | Venta al por Mayor | Pedidos a Granel | Listo para Venta al por Menor | Env\u00edo Gratis"},"content":{"rendered":"<p>Polvo de Almendra al por Mayor | Proveedor de Polvo de Almendra | Vendedor de Almendra a Granel<\/p>\n<p>\ud83c\udf3f 1 paquete de 907 g (106.35 USD)<br \/>\n\ud83c\udf3f 2 paquetes de 907 g (157.75 USD)<br \/>\n\ud83c\udf3f 20 paquetes de 100 g (9.44 USD por paquete)<br \/>\n\ud83c\udf3f 50 paquetes de 100 g (7.44 USD por paquete)<br \/>\n\ud83c\udf3f 85 paquetes de 100 g (6.92 USD por paquete)<br \/>\n\ud83c\udf3f 135 paquetes de 100 g (6.58 USD por paquete)<\/p>\n<p>\ud83d\udcb2 Precio de Venta Sugerido: $14.50<\/p>\n<p>\ud83c\udf3f Polvo de Almendra Puro | Harina de Almendra<br \/>\nNuestro producto es 100% harina de almendra, ideal para usar en reposter\u00eda, batidos y otras recetas de cocina para incorporar en tu dieta. La harina de almendra es conocida por su alto contenido de prote\u00ednas, grasas saludables y bajo contenido de carbohidratos, lo que la convierte en una excelente opci\u00f3n para una dieta equilibrada.<\/p>\n<p>Uso Sugerido:<br \/>\nUsa 5 g en tu batido o bebida favorita, o usa 1\/2 taza en tus recetas de reposter\u00eda favoritas, incluyendo panqueques, galletas y panes.<\/p>\n<p>\ud83d\udce6 \u00bfCu\u00e1nto tiempo tarda el env\u00edo?<br \/>\nProcesamos tu producto fresco desde Per\u00fa, de la cosecha m\u00e1s reciente, asegurando que recibas productos frescos y potentes. El env\u00edo puede tardar entre 5-10 d\u00edas a trav\u00e9s de DHL Express.<\/p>\n<p>\ud83c\udf0e Aseg\u00farate de que la direcci\u00f3n de entrega sea correcta antes de completar tu pedido. Incluye tu n\u00famero de tel\u00e9fono y correo electr\u00f3nico para usar con el servicio de mensajer\u00eda. No podemos aceptar responsabilidad por la demora o p\u00e9rdida de un paquete cuando se hayan proporcionado detalles de entrega incorrectos o incompletos. Las aduanas de tu pa\u00eds pueden imponer tarifas adicionales por compras que excedan lo que se considera uso personal o por encima de cierto valor (m\u00e1s de $800 USD para EE.UU.). Cada pa\u00eds puede variar ligeramente. Como vendedor, no somos responsables de ninguna tarifa adicional que te puedan cobrar al ingresar a tu regi\u00f3n.<\/p>\n","protected":false},"excerpt":{"rendered":"<p>Polvo de Almendra al por Mayor | Proveedor de Polvo de Almendra | Vendedor de Almendra a Granel \ud83c\udf3f 1 paquete de 907 g (106.35 USD) \ud83c\udf3f 2 paquetes de 907 g (157.75 USD) \ud83c\udf3f 20 paquetes de 100 g (9.44 USD por paquete) \ud83c\udf3f 50 paquetes de 100 g (7.44 USD por paquete) \ud83c\udf3f [&hellip;]<\/p>\n","protected":false},"featured_media":1361,"comment_status":"open","ping_status":"closed","template":"","meta":{"_et_pb_use_builder":"","_et_pb_old_content":"","_et_gb_content_width":""},"product_brand":[],"product_cat":[26],"product_tag":[],"class_list":{"0":"post-1128","1":"product","2":"type-product","3":"status-publish","4":"has-post-thumbnail","6":"product_cat-superfood-powders","8":"first","9":"instock","10":"shipping-taxable","11":"purchasable","12":"product-type-variable"},"jetpack_sharing_enabled":true,"_links":{"self":[{"href":"https:\/\/kachavasuperfoods.com\/index.php\/wp-json\/wp\/v2\/product\/1128","targetHints":{"allow":["GET"]}}],"collection":[{"href":"https:\/\/kachavasuperfoods.com\/index.php\/wp-json\/wp\/v2\/product"}],"about":[{"href":"https:\/\/kachavasuperfoods.com\/index.php\/wp-json\/wp\/v2\/types\/product"}],"replies":[{"embeddable":true,"href":"https:\/\/kachavasuperfoods.com\/index.php\/wp-json\/wp\/v2\/comments?post=1128"}],"wp:featuredmedia":[{"embeddable":true,"href":"https:\/\/kachavasuperfoods.com\/index.php\/wp-json\/wp\/v2\/media\/1361"}],"wp:attachment":[{"href":"https:\/\/kachavasuperfoods.com\/index.php\/wp-json\/wp\/v2\/media?parent=1128"}],"wp:term":[{"taxonomy":"product_brand","embeddable":true,"href":"https:\/\/kachavasuperfoods.com\/index.php\/wp-json\/wp\/v2\/product_brand?post=1128"},{"taxonomy":"product_cat","embeddable":true,"href":"https:\/\/kachavasuperfoods.com\/index.php\/wp-json\/wp\/v2\/product_cat?post=1128"},{"taxonomy":"product_tag","embeddable":true,"href":"https:\/\/kachavasuperfoods.com\/index.php\/wp-json\/wp\/v2\/product_tag?post=1128"}],"curies":[{"name":"wp","href":"https:\/\/api.w.org\/{rel}","templated":true}]}}