{"id":1146,"date":"2024-09-03T23:22:27","date_gmt":"2024-09-03T23:22:27","guid":{"rendered":"https:\/\/kachavasuperfoods.com\/?post_type=product&#038;p=1146"},"modified":"2024-10-02T04:19:48","modified_gmt":"2024-10-02T04:19:48","slug":"harina-de-yuca-venta-al-por-mayor-pedidos-a-granel-listo-para-venta-al-por-menor-envio-gratis","status":"publish","type":"product","link":"https:\/\/kachavasuperfoods.com\/index.php\/product\/harina-de-yuca-venta-al-por-mayor-pedidos-a-granel-listo-para-venta-al-por-menor-envio-gratis\/","title":{"rendered":"Harina de Yuca | Venta al por Mayor | Pedidos a Granel | Listo para Venta al por Menor | Env\u00edo Gratis"},"content":{"rendered":"<p>Harina de Yuca al por Mayor | Proveedor de Harina de Yuca | Vendedor de Harina de Yuca a Granel<\/p>\n<p>\ud83c\udf3f 1 paquete de 907 g ($93.07 USD)<br \/>\n\ud83c\udf3f 2 paquetes de 907 g ($128.82 USD)<br \/>\n\ud83c\udf3f 20 paquetes de 100 g ($7.76 USD por paquete)<br \/>\n\ud83c\udf3f 50 paquetes de 100 g ($5.74 USD por paquete)<br \/>\n\ud83c\udf3f 85 paquetes de 100 g ($5.32 USD por paquete)<br \/>\n\ud83c\udf3f 135 paquetes de 100 g ($5.07 USD por paquete)<\/p>\n<p>\ud83d\udcb2 Precio de Venta Sugerido: $11.90<\/p>\n<p>Harina de Yuca<br \/>\nDescubre los beneficios vers\u00e1tiles de nuestra Harina de Yuca 100% Pura. Perfecta para agregar a tus batidos matutinos, enriquecer tus recetas favoritas y proporcionar un impulso nutritivo, esta harina es una fant\u00e1stica alternativa sin gluten. La harina de yuca es conocida por su alto contenido de fibra, que apoya una digesti\u00f3n saludable y proporciona energ\u00eda sostenida, convirti\u00e9ndola en una excelente adici\u00f3n a tu rutina diaria.<\/p>\n<p>Uso Sugerido:<br \/>\nMezcla 5 g en tu batido o bebida para un impulso de fibra, o usa 1\/2 taza en tus recetas de reposter\u00eda, como muffins, barras de energ\u00eda o panqueques, para una adici\u00f3n nutritiva y satisfactoria.<\/p>\n<p>\ud83d\udce6 \u00bfCu\u00e1nto tiempo tarda el env\u00edo?<br \/>\nProcesamos tu producto fresco desde Per\u00fa, de la cosecha m\u00e1s reciente, asegurando que recibas productos frescos y potentes. El env\u00edo puede tardar entre 5-10 d\u00edas a trav\u00e9s de DHL Express.<\/p>\n<p>\ud83c\udf0e Aseg\u00farate de que la direcci\u00f3n de entrega sea correcta antes de completar tu pedido. Incluye tu n\u00famero de tel\u00e9fono y correo electr\u00f3nico para usar con el servicio de mensajer\u00eda. No podemos aceptar responsabilidad por la demora o p\u00e9rdida de un paquete cuando se hayan proporcionado detalles de entrega incorrectos o incompletos. Las aduanas de tu pa\u00eds pueden imponer tarifas adicionales por compras que excedan lo que se considera uso personal o por encima de cierto valor (m\u00e1s de $800 USD para EE.UU.). Cada pa\u00eds puede variar ligeramente. Como vendedor, no somos responsables de ninguna tarifa adicional que te puedan cobrar al ingresar a tu regi\u00f3n.<\/p>\n","protected":false},"excerpt":{"rendered":"<p>Harina de Yuca al por Mayor | Proveedor de Harina de Yuca | Vendedor de Harina de Yuca a Granel \ud83c\udf3f 1 paquete de 907 g ($93.07 USD) \ud83c\udf3f 2 paquetes de 907 g ($128.82 USD) \ud83c\udf3f 20 paquetes de 100 g ($7.76 USD por paquete) \ud83c\udf3f 50 paquetes de 100 g ($5.74 USD por [&hellip;]<\/p>\n","protected":false},"featured_media":1368,"comment_status":"open","ping_status":"closed","template":"","meta":{"_et_pb_use_builder":"","_et_pb_old_content":"","_et_gb_content_width":""},"product_brand":[],"product_cat":[26],"product_tag":[],"class_list":{"0":"post-1146","1":"product","2":"type-product","3":"status-publish","4":"has-post-thumbnail","6":"product_cat-superfood-powders","8":"first","9":"instock","10":"shipping-taxable","11":"purchasable","12":"product-type-variable"},"jetpack_sharing_enabled":true,"_links":{"self":[{"href":"https:\/\/kachavasuperfoods.com\/index.php\/wp-json\/wp\/v2\/product\/1146","targetHints":{"allow":["GET"]}}],"collection":[{"href":"https:\/\/kachavasuperfoods.com\/index.php\/wp-json\/wp\/v2\/product"}],"about":[{"href":"https:\/\/kachavasuperfoods.com\/index.php\/wp-json\/wp\/v2\/types\/product"}],"replies":[{"embeddable":true,"href":"https:\/\/kachavasuperfoods.com\/index.php\/wp-json\/wp\/v2\/comments?post=1146"}],"wp:featuredmedia":[{"embeddable":true,"href":"https:\/\/kachavasuperfoods.com\/index.php\/wp-json\/wp\/v2\/media\/1368"}],"wp:attachment":[{"href":"https:\/\/kachavasuperfoods.com\/index.php\/wp-json\/wp\/v2\/media?parent=1146"}],"wp:term":[{"taxonomy":"product_brand","embeddable":true,"href":"https:\/\/kachavasuperfoods.com\/index.php\/wp-json\/wp\/v2\/product_brand?post=1146"},{"taxonomy":"product_cat","embeddable":true,"href":"https:\/\/kachavasuperfoods.com\/index.php\/wp-json\/wp\/v2\/product_cat?post=1146"},{"taxonomy":"product_tag","embeddable":true,"href":"https:\/\/kachavasuperfoods.com\/index.php\/wp-json\/wp\/v2\/product_tag?post=1146"}],"curies":[{"name":"wp","href":"https:\/\/api.w.org\/{rel}","templated":true}]}}