{"id":1158,"date":"2024-09-03T23:23:07","date_gmt":"2024-09-03T23:23:07","guid":{"rendered":"https:\/\/kachavasuperfoods.com\/?post_type=product&#038;p=1158"},"modified":"2024-10-02T04:16:28","modified_gmt":"2024-10-02T04:16:28","slug":"polvo-de-curcuma-venta-al-por-mayor-pedidos-a-granel-listo-para-venta-al-por-menor-envio-gratis","status":"publish","type":"product","link":"https:\/\/kachavasuperfoods.com\/index.php\/product\/polvo-de-curcuma-venta-al-por-mayor-pedidos-a-granel-listo-para-venta-al-por-menor-envio-gratis\/","title":{"rendered":"Polvo de C\u00farcuma | Venta al por Mayor | Pedidos a Granel | Listo para Venta al por Menor | Env\u00edo Gratis"},"content":{"rendered":"<p>Polvo de C\u00farcuma | Venta al por Mayor | Proveedor de Polvo de C\u00farcuma | Vendedor a Granel de Polvo de C\u00farcuma:<\/p>\n<p>\ud83c\udf3f 1 paquete de 907 g (94.32 USD)<br \/>\n\ud83c\udf3f 2 paquetes de 907 g (131.54 USD)<br \/>\n\ud83c\udf3f 20 paquetes de 100 g (7.92 USD por paquete)<br \/>\n\ud83c\udf3f 50 paquetes de 100 g (5.90 USD por paquete)<br \/>\n\ud83c\udf3f 85 paquetes de 100 g (5.47 USD por paquete)<br \/>\n\ud83c\udf3f 135 paquetes de 100 g (5.21 USD por paquete)<\/p>\n<p>\ud83d\udcb2 Precio de Venta Sugerido: $11.90<\/p>\n<p>\u2714\ufe0f 100% Polvo de C\u00farcuma Puro, Sin Rellenos<br \/>\n\u2714\ufe0f Producto Fresco Hecho a Pedido<br \/>\n\u2714\ufe0f Env\u00edo Gratis para Europa y N. Am\u00e9rica<br \/>\n\u2714\ufe0f DHL Express llega en 5-10 d\u00edas<\/p>\n<p>\ud83c\udf3f Polvo de C\u00farcuma Puro<br \/>\nNuestro producto es 100% Polvo de C\u00farcuma, perfecto para usar en batidos, reposter\u00eda y otras recetas de bebidas para incorporar a tu dieta. La c\u00farcuma es conocida por sus propiedades antiinflamatorias y antioxidantes, y otros nutrientes esenciales que apoyan el sistema inmunol\u00f3gico y mejoran la salud en general.<\/p>\n<p>\ud83c\udf79 Uso Sugerido: Usa 5 g en tu batido o bebida favorita, o como condimento para darle m\u00e1s color y sabor a tus comidas.<\/p>\n<p>\ud83d\udce6 \u00bfCu\u00e1nto tiempo tarda el env\u00edo?<br \/>\nProcesamos tu producto fresco desde Per\u00fa, de la cosecha m\u00e1s reciente, asegurando que recibas productos frescos y potentes. El env\u00edo puede tardar entre 5-10 d\u00edas a trav\u00e9s de DHL Express.<\/p>\n<p>\ud83c\udf0e Aseg\u00farate de que la direcci\u00f3n de entrega sea correcta antes de completar tu pedido. Incluye tu n\u00famero de tel\u00e9fono y correo electr\u00f3nico para usar con el servicio de mensajer\u00eda. No podemos aceptar responsabilidad por la demora o p\u00e9rdida de un paquete cuando se hayan proporcionado detalles de entrega incorrectos o incompletos. Las aduanas de tu pa\u00eds pueden imponer tarifas adicionales por compras que excedan lo que se considera uso personal o por encima de cierto valor (m\u00e1s de $800 USD para EE.UU.). Cada pa\u00eds puede variar ligeramente. Como vendedor, no somos responsables de ninguna tarifa adicional que te puedan cobrar al ingresar a tu regi\u00f3n.<\/p>\n","protected":false},"excerpt":{"rendered":"<p>Polvo de C\u00farcuma | Venta al por Mayor | Proveedor de Polvo de C\u00farcuma | Vendedor a Granel de Polvo de C\u00farcuma: \ud83c\udf3f 1 paquete de 907 g (94.32 USD) \ud83c\udf3f 2 paquetes de 907 g (131.54 USD) \ud83c\udf3f 20 paquetes de 100 g (7.92 USD por paquete) \ud83c\udf3f 50 paquetes de 100 g (5.90 [&hellip;]<\/p>\n","protected":false},"featured_media":1340,"comment_status":"open","ping_status":"closed","template":"","meta":{"_et_pb_use_builder":"","_et_pb_old_content":"","_et_gb_content_width":""},"product_brand":[],"product_cat":[26],"product_tag":[],"class_list":{"0":"post-1158","1":"product","2":"type-product","3":"status-publish","4":"has-post-thumbnail","6":"product_cat-superfood-powders","8":"first","9":"instock","10":"shipping-taxable","11":"purchasable","12":"product-type-variable"},"jetpack_sharing_enabled":true,"_links":{"self":[{"href":"https:\/\/kachavasuperfoods.com\/index.php\/wp-json\/wp\/v2\/product\/1158","targetHints":{"allow":["GET"]}}],"collection":[{"href":"https:\/\/kachavasuperfoods.com\/index.php\/wp-json\/wp\/v2\/product"}],"about":[{"href":"https:\/\/kachavasuperfoods.com\/index.php\/wp-json\/wp\/v2\/types\/product"}],"replies":[{"embeddable":true,"href":"https:\/\/kachavasuperfoods.com\/index.php\/wp-json\/wp\/v2\/comments?post=1158"}],"wp:featuredmedia":[{"embeddable":true,"href":"https:\/\/kachavasuperfoods.com\/index.php\/wp-json\/wp\/v2\/media\/1340"}],"wp:attachment":[{"href":"https:\/\/kachavasuperfoods.com\/index.php\/wp-json\/wp\/v2\/media?parent=1158"}],"wp:term":[{"taxonomy":"product_brand","embeddable":true,"href":"https:\/\/kachavasuperfoods.com\/index.php\/wp-json\/wp\/v2\/product_brand?post=1158"},{"taxonomy":"product_cat","embeddable":true,"href":"https:\/\/kachavasuperfoods.com\/index.php\/wp-json\/wp\/v2\/product_cat?post=1158"},{"taxonomy":"product_tag","embeddable":true,"href":"https:\/\/kachavasuperfoods.com\/index.php\/wp-json\/wp\/v2\/product_tag?post=1158"}],"curies":[{"name":"wp","href":"https:\/\/api.w.org\/{rel}","templated":true}]}}