{"id":1249,"date":"2024-09-03T23:24:49","date_gmt":"2024-09-03T23:24:49","guid":{"rendered":"https:\/\/kachavasuperfoods.com\/?post_type=product&#038;p=1249"},"modified":"2024-10-02T04:15:24","modified_gmt":"2024-10-02T04:15:24","slug":"polvo-de-muna-venta-al-por-mayor-pedidos-a-granel-listo-para-venta-al-por-menor-envio-gratis","status":"publish","type":"product","link":"https:\/\/kachavasuperfoods.com\/index.php\/product\/polvo-de-muna-venta-al-por-mayor-pedidos-a-granel-listo-para-venta-al-por-menor-envio-gratis\/","title":{"rendered":"Polvo de Muna | Venta al por Mayor | Pedidos a Granel | Listado para Venta al por Menor | Env\u00edo Gratis"},"content":{"rendered":"<p>Polvo de Mu\u00f1a | Mayorista | Proveedor de Polvo de Mu\u00f1a | Vendedor de Polvo de Mu\u00f1a a Granel<\/p>\n<p>\ud83c\udf3f 1 paquete de 907 g ($97.64 USD)<br \/>\n\ud83c\udf3f 2 paquetes de 907 g ($138.77 USD)<br \/>\n\ud83c\udf3f 20 paquetes de 100 g ($8.34 USD por paquete)<br \/>\n\ud83c\udf3f 50 paquetes de 100 g ($6.32 USD por paquete)<br \/>\n\ud83c\udf3f 85 paquetes de 100 g ($5.87 USD por paquete)<br \/>\n\ud83c\udf3f 135 paquetes de 100 g ($5.59 USD por paquete)  <\/p>\n<p>\ud83d\udcb2 Precio Minorista Sugerido: $14.90<\/p>\n<p>Beneficios del Polvo de Mu\u00f1a<\/p>\n<p>Descubre los poderosos beneficios de nuestro Polvo de Mu\u00f1a 100% Puro y c\u00f3mo este superalimento natural puede mejorar tu bienestar:<\/p>\n<p>a) Salud Digestiva: El Polvo de Mu\u00f1a apoya una digesti\u00f3n saludable y puede ayudar a aliviar las molestias digestivas, promoviendo una salud intestinal general.<\/p>\n<p>b) Alivio del Estr\u00e9s: Conocido por sus propiedades calmantes, el Polvo de Mu\u00f1a puede ayudar a reducir el estr\u00e9s y la ansiedad, contribuyendo a un estado mental m\u00e1s relajado.<\/p>\n<p>c) Energ\u00eda y Vitalidad: Se cree que el Polvo de Mu\u00f1a mejora los niveles de energ\u00eda y la vitalidad general, ayud\u00e1ndote a mantenerte activo y renovado durante el d\u00eda.<\/p>\n<p>d) Apoyo Inmunol\u00f3gico: Esta hierba es rica en antioxidantes, que apoyan el sistema inmunol\u00f3gico y ayudan a proteger tu cuerpo de los radicales libres da\u00f1inos.<\/p>\n<p>e) Claridad Mental: El Polvo de Mu\u00f1a puede apoyar la funci\u00f3n cognitiva y la claridad mental, siendo una excelente opci\u00f3n para mejorar la concentraci\u00f3n y el enfoque.<\/p>\n<p>f) Antiinflamatorio: Con sus propiedades antiinflamatorias naturales, el Polvo de Mu\u00f1a puede ayudar a reducir la inflamaci\u00f3n en el cuerpo, promoviendo una salud y comodidad general.<\/p>\n<p>Recuerda siempre que, aunque el Polvo de Mu\u00f1a ofrece muchos beneficios para la salud, debe complementar una dieta equilibrada y un estilo de vida saludable. Consulta con un profesional de la salud antes de a\u00f1adir cualquier nuevo suplemento a tu rutina, especialmente si tienes preocupaciones de salud espec\u00edficas.<\/p>\n<p>\ud83d\udce6 \u00bfCu\u00e1nto tiempo tarda el env\u00edo?<br \/>\nProcesamos tu producto fresco desde Per\u00fa, de la cosecha m\u00e1s reciente, asegurando que recibas productos frescos y potentes. El env\u00edo puede tardar entre 5-10 d\u00edas a trav\u00e9s de DHL Express.<\/p>\n<p>\ud83c\udf0e Aseg\u00farate de que la direcci\u00f3n de entrega sea correcta antes de completar tu pedido. Incluye tu n\u00famero de tel\u00e9fono y correo electr\u00f3nico para usar con el servicio de mensajer\u00eda. No podemos aceptar responsabilidad por la demora o p\u00e9rdida de un paquete cuando se hayan proporcionado detalles de entrega incorrectos o incompletos. Las aduanas de tu pa\u00eds pueden imponer tarifas adicionales por compras que excedan lo que se considera uso personal o por encima de cierto valor (m\u00e1s de $800 USD para EE.UU.). Cada pa\u00eds puede variar ligeramente. Como vendedor, no somos responsables de ninguna tarifa adicional que te puedan cobrar al ingresar a tu regi\u00f3n.<\/p>\n","protected":false},"excerpt":{"rendered":"<p>Polvo de Mu\u00f1a | Mayorista | Proveedor de Polvo de Mu\u00f1a | Vendedor de Polvo de Mu\u00f1a a Granel \ud83c\udf3f 1 paquete de 907 g ($97.64 USD) \ud83c\udf3f 2 paquetes de 907 g ($138.77 USD) \ud83c\udf3f 20 paquetes de 100 g ($8.34 USD por paquete) \ud83c\udf3f 50 paquetes de 100 g ($6.32 USD por paquete) [&hellip;]<\/p>\n","protected":false},"featured_media":1381,"comment_status":"closed","ping_status":"closed","template":"","meta":{"_et_pb_use_builder":"","_et_pb_old_content":"","_et_gb_content_width":""},"product_brand":[],"product_cat":[26],"product_tag":[],"class_list":{"0":"post-1249","1":"product","2":"type-product","3":"status-publish","4":"has-post-thumbnail","6":"product_cat-superfood-powders","8":"first","9":"instock","10":"shipping-taxable","11":"purchasable","12":"product-type-variable"},"jetpack_sharing_enabled":true,"_links":{"self":[{"href":"https:\/\/kachavasuperfoods.com\/index.php\/wp-json\/wp\/v2\/product\/1249","targetHints":{"allow":["GET"]}}],"collection":[{"href":"https:\/\/kachavasuperfoods.com\/index.php\/wp-json\/wp\/v2\/product"}],"about":[{"href":"https:\/\/kachavasuperfoods.com\/index.php\/wp-json\/wp\/v2\/types\/product"}],"replies":[{"embeddable":true,"href":"https:\/\/kachavasuperfoods.com\/index.php\/wp-json\/wp\/v2\/comments?post=1249"}],"wp:featuredmedia":[{"embeddable":true,"href":"https:\/\/kachavasuperfoods.com\/index.php\/wp-json\/wp\/v2\/media\/1381"}],"wp:attachment":[{"href":"https:\/\/kachavasuperfoods.com\/index.php\/wp-json\/wp\/v2\/media?parent=1249"}],"wp:term":[{"taxonomy":"product_brand","embeddable":true,"href":"https:\/\/kachavasuperfoods.com\/index.php\/wp-json\/wp\/v2\/product_brand?post=1249"},{"taxonomy":"product_cat","embeddable":true,"href":"https:\/\/kachavasuperfoods.com\/index.php\/wp-json\/wp\/v2\/product_cat?post=1249"},{"taxonomy":"product_tag","embeddable":true,"href":"https:\/\/kachavasuperfoods.com\/index.php\/wp-json\/wp\/v2\/product_tag?post=1249"}],"curies":[{"name":"wp","href":"https:\/\/api.w.org\/{rel}","templated":true}]}}